{"id":3,"date":"2025-04-02T17:07:29","date_gmt":"2025-04-02T17:07:29","guid":{"rendered":"https:\/\/rustic.batlledigital.com\/?page_id=3"},"modified":"2025-07-03T09:45:44","modified_gmt":"2025-07-03T07:45:44","slug":"politica-de-privadesa","status":"publish","type":"page","link":"https:\/\/rusticcorner.com\/ca\/politica-de-privacidad\/","title":{"rendered":"Pol\u00edtica de privadesa"},"content":{"rendered":"<div data-elementor-type=\"wp-page\" data-elementor-id=\"3\" class=\"elementor elementor-3\" data-elementor-post-type=\"page\">\n\t\t\t\t<div class=\"elementor-element elementor-element-cb569bb e-flex e-con-boxed e-con e-parent\" data-id=\"cb569bb\" data-element_type=\"container\" data-e-type=\"container\" data-settings=\"{&quot;background_background&quot;:&quot;classic&quot;}\">\n\t\t\t\t\t<div class=\"e-con-inner\">\n\t\t\t\t\t<\/div>\n\t\t\t\t<\/div>\n\t\t<div class=\"elementor-element elementor-element-a76efd9 e-flex e-con-boxed e-con e-parent\" data-id=\"a76efd9\" data-element_type=\"container\" data-e-type=\"container\">\n\t\t\t\t\t<div class=\"e-con-inner\">\n\t\t\t\t<div class=\"elementor-element elementor-element-3d0b4f5 elementor-widget elementor-widget-heading\" data-id=\"3d0b4f5\" data-element_type=\"widget\" data-e-type=\"widget\" data-widget_type=\"heading.default\">\n\t\t\t\t<div class=\"elementor-widget-container\">\n\t\t\t\t\t<h2 class=\"elementor-heading-title elementor-size-default\">Pol\u00edtica de privadesa<\/h2>\t\t\t\t<\/div>\n\t\t\t\t<\/div>\n\t\t\t\t<div class=\"elementor-element elementor-element-2fcefb2 elementor-widget elementor-widget-text-editor\" data-id=\"2fcefb2\" data-element_type=\"widget\" data-e-type=\"widget\" data-widget_type=\"text-editor.default\">\n\t\t\t\t<div class=\"elementor-widget-container\">\n\t\t\t\t\t\t\t\t\t<p><strong>Informaci\u00f3 del r\u00e8gim de protecci\u00f3 de dades personals<\/strong><\/p><p>L&#039;aportaci\u00f3 de dades personals a aquesta p\u00e0gina web o al titular implicar\u00e0 la <strong>plena acceptaci\u00f3<\/strong> per l&#039;Usuari\/aportant de les dades (d&#039;ara endavant Usuari) del seg\u00fcent r\u00e8gim de tractament de les seves Dades Personals: A) Les seves dades personals seran conservades als fitxers de COPROVER SL (titular de la marca RUSTIC CORNER, amb NIF B 58521220, i domicili social al Carrer Mandri 3-9, Baixos Local F, 08 el full B-20474, amb tel\u00e8fon 34-93-204-55-11 i correu electr\u00f2nic <a href=\"mailto:rusticcorner@rusticcorner.com\">rusticcorner@rusticcorner.com<\/a>, d&#039;ara endavant COPROVER). COPROVER \u00e9s tamb\u00e9 el responsable del tractament de les dades esmentades. En aportar aquestes dades personals, COPROVER quedar\u00e0 autoritzat a conservar-lo i tractar-lo amb la finalitat de prestar els seus serveis d&#039;intermediaci\u00f3, publicitaci\u00f3, assessorament i negociaci\u00f3 immobili\u00e0ria; conservant-se les dades durant la vig\u00e8ncia del contracte m\u00e9s un termini addicional de sis anys, i en cas de no existir contracte per un termini de sis anys des de la seva aportaci\u00f3; transcorregut aquest termini les dades seran destru\u00efdes. Amb l&#039;aportaci\u00f3 de les dades, l&#039;Usuari garanteix l&#039;autenticitat i l&#039;exactitud de totes elles, i haur\u00e0 de mantenir actualitzada la informaci\u00f3 que faciliti a COPROVER, de manera que responguin en tot moment a la situaci\u00f3 real.<\/p><p>Amb l&#039;aportaci\u00f3 de les dades, COPROVER queda autoritzat a remetre-li comunicacions promocionals o publicit\u00e0ries per correu electr\u00f2nic o altre mitj\u00e0 de comunicaci\u00f3 equivalent, de productes o serveis immobiliaris o connexos que pugui ajustar-se a les seves peticions, situaci\u00f3 o interessos, en els termes de la Llei 34\/2002, d&#039;11 de juliol, de serveis de la societat de la informaci\u00f3 12\/07\/2002) i la resta de normativa aplicable. En cas de no estar interessat a rebre aquest tipus de comunicacions, l&#039;Usuari pot adre\u00e7ar-se a COPROVER al domicili o correu electr\u00f2nic indicats a la 1a p\u00e0gina d&#039;aquest document, manifestant la seva voluntat de donar-se de baixa de les comunicacions publicit\u00e0ries, i acreditant la seva identitat amb c\u00f2pia del DNI adjunta a l&#039;adre\u00e7a electr\u00f2nica.<\/p><p>Les dades no seran cedides a terceres persones, f\u00edsiques ni jur\u00eddiques, sense previ consentiment de l&#039;Usuari; <strong>quedarien autoritzades<\/strong> per l&#039;Usuari des de l&#039;aportaci\u00f3 de les dades: i) Cessi\u00f3 de dades a Agents Immobiliaris associats a COPROVER per a la intermediaci\u00f3 en la venda o comercialitzaci\u00f3 de l&#039;actiu immobiliari, ii) cessi\u00f3 de dades a la persona f\u00edsica o jur\u00eddica promotora, propiet\u00e0ria o venedora de l&#039;immoble en comercialitzaci\u00f3, amb la finalitat de preparar documents relatius a la transmissi\u00f3 de l&#039;immoble. iii) cessi\u00f3 de dades a entitats banc\u00e0ries per tal de procedir a pagaments, cobraments o devolucions, iv) cessi\u00f3 de dades a notaries i despatxos d&#039;advocats per a la preparaci\u00f3 de documents relatius a la transmissi\u00f3 o comercialitzaci\u00f3 de l&#039;immoble, v) cessi\u00f3 de dades (imatges i descripci\u00f3 de l&#039;immoble) a premsa i portals immobiliaris Procuradors, Mediadors-conciliadors o altres MASC, per al cas que calgu\u00e9s iniciar negociacions amb tercers o entaular accions legals davant l&#039;Administraci\u00f3 o els Tribunals, vii) cessi\u00f3 de dades a empreses col\u00b7laboradores de COPROVER en \u00e0mbits relacionats amb b\u00e9ns immobles (asseguradores, empreses de reformes, de seguretat..etc) per tal que puguin realitzar ofertes comercials.<\/p><p>Les precedents cessions es limitaran a les dades i documents imprescindibles per a la bona fi de l&#039;enc\u00e0rrec professional realitzat. L&#039;Usuari pot exercitar en qualsevol moment els seus drets en relaci\u00f3 a les seves dades personals: i) Dret a retirar el seu consentiment, ii) Dret a l&#039;acc\u00e9s a les dades personals, iii) Dret de rectificaci\u00f3 de les dades, iv) Dret de supressi\u00f3\/cancel\u00b7laci\u00f3 de les dades, v) Dret a la limitaci\u00f3 o oposici\u00f3 al tractament, vi) Dret a la portabilitat de les dades; en els termes que estableix la normativa legal (Reglament Europeu de Protecci\u00f3 de Dades Personals 2016\/679, Llei Org\u00e0nica 3\/2018, del 5 de desembre, de Protecci\u00f3 de Dades Personals, BOE 6\/12\/2018, i la resta de normativa aplicable). L&#039;Usuari podr\u00e0 exercir aquests drets enviant una Carta o Email a COPROVER les adreces referenciades a la 1a p\u00e0gina d&#039;aquest document. Igualment s&#039;informa a l&#039;Usuari que la base jur\u00eddica del tractament de les dades ser\u00e0 l&#039;execuci\u00f3 de l&#039;enc\u00e0rrec professional de l&#039;Usuari, que les vostres dades personals seran objecte de tractaments informatitzats per incorporar-los als nostres fitxers, que s&#039;elaboraran perfils amb les vostres dades personals per adaptar-nos millor a la vostra sol\u00b7licitud i interessos, i que no s&#039;efectuaran transfer\u00e8ncies de dades a tercers pa\u00efsos. Igualment s&#039;informa a l&#039;usuari de la possibilitat de presentar reclamacions davant de les administracions de protecci\u00f3 de dades personals.<\/p>\t\t\t\t\t\t\t\t<\/div>\n\t\t\t\t<\/div>\n\t\t\t\t\t<\/div>\n\t\t\t\t<\/div>\n\t\t\t\t<\/div>","protected":false},"excerpt":{"rendered":"<p>Pol\u00edtica de privacidad Informaci\u00f3n del r\u00e9gimen de protecci\u00f3n de Datos Personales La aportaci\u00f3n de datos personales a esta p\u00e1gina web o a su titular implicar\u00e1 la plena aceptaci\u00f3n por el Usuario\/aportante de los datos (en adelante Usuario) del siguiente r\u00e9gimen de tratamiento de sus Datos Personales: A) Sus datos personales ser\u00e1n conservados en los ficheros [&hellip;]<\/p>\n","protected":false},"author":1,"featured_media":0,"parent":0,"menu_order":0,"comment_status":"closed","ping_status":"closed","template":"elementor_header_footer","meta":{"footnotes":""},"class_list":["post-3","page","type-page","status-publish","hentry"],"_links":{"self":[{"href":"https:\/\/rusticcorner.com\/ca\/wp-json\/wp\/v2\/pages\/3","targetHints":{"allow":["GET"]}}],"collection":[{"href":"https:\/\/rusticcorner.com\/ca\/wp-json\/wp\/v2\/pages"}],"about":[{"href":"https:\/\/rusticcorner.com\/ca\/wp-json\/wp\/v2\/types\/page"}],"author":[{"embeddable":true,"href":"https:\/\/rusticcorner.com\/ca\/wp-json\/wp\/v2\/users\/1"}],"replies":[{"embeddable":true,"href":"https:\/\/rusticcorner.com\/ca\/wp-json\/wp\/v2\/comments?post=3"}],"version-history":[{"count":0,"href":"https:\/\/rusticcorner.com\/ca\/wp-json\/wp\/v2\/pages\/3\/revisions"}],"wp:attachment":[{"href":"https:\/\/rusticcorner.com\/ca\/wp-json\/wp\/v2\/media?parent=3"}],"curies":[{"name":"wp","href":"https:\/\/api.w.org\/{rel}","templated":true}]}}