{"id":683,"date":"2025-05-22T18:36:53","date_gmt":"2025-05-22T16:36:53","guid":{"rendered":"https:\/\/rustic.batlledigital.com\/?page_id=683"},"modified":"2025-07-03T09:37:23","modified_gmt":"2025-07-03T07:37:23","slug":"avis-legal","status":"publish","type":"page","link":"https:\/\/rusticcorner.com\/ca\/aviso-legal\/","title":{"rendered":"Av\u00eds legal"},"content":{"rendered":"<div data-elementor-type=\"wp-page\" data-elementor-id=\"683\" class=\"elementor elementor-683\" data-elementor-post-type=\"page\">\n\t\t\t\t<div class=\"elementor-element elementor-element-982fffe e-flex e-con-boxed e-con e-parent\" data-id=\"982fffe\" data-element_type=\"container\" data-e-type=\"container\" data-settings=\"{&quot;background_background&quot;:&quot;classic&quot;}\">\n\t\t\t\t\t<div class=\"e-con-inner\">\n\t\t\t\t\t<\/div>\n\t\t\t\t<\/div>\n\t\t<div class=\"elementor-element elementor-element-ec7f8d4 e-flex e-con-boxed e-con e-parent\" data-id=\"ec7f8d4\" data-element_type=\"container\" data-e-type=\"container\">\n\t\t\t\t\t<div class=\"e-con-inner\">\n\t\t\t\t<div class=\"elementor-element elementor-element-4ab6d49 elementor-widget elementor-widget-heading\" data-id=\"4ab6d49\" data-element_type=\"widget\" data-e-type=\"widget\" data-widget_type=\"heading.default\">\n\t\t\t\t<div class=\"elementor-widget-container\">\n\t\t\t\t\t<h2 class=\"elementor-heading-title elementor-size-default\">Av\u00eds legal<\/h2>\t\t\t\t<\/div>\n\t\t\t\t<\/div>\n\t\t\t\t<div class=\"elementor-element elementor-element-66b23ca elementor-widget elementor-widget-text-editor\" data-id=\"66b23ca\" data-element_type=\"widget\" data-e-type=\"widget\" data-widget_type=\"text-editor.default\">\n\t\t\t\t<div class=\"elementor-widget-container\">\n\t\t\t\t\t\t\t\t\t<div class=\"row\"><div class=\"col-md-12\"><p><strong>I- Identitat del titular de la present web<\/strong><\/p><p>En compliment del que estableix l&#039;article 10 de la Llei 34\/2002, d&#039;11 de juliol, de Serveis de la Societat de la Informaci\u00f3 i de Comer\u00e7 Electr\u00f2nic (LSSI-CE), s&#039;informa que el titular del present lloc web \u00e9s COPROVER SL, amb NIF B 58521220, i domicili social al Carrer Mandri 3-9, Baixos Local Mercantil de Barcelona al full B-20474, amb tel\u00e8fon 34-93-204-55-11 i correu electr\u00f2nic <a href=\"mailto:rusticcorner@rusticcorner.com\">rusticcorner@rusticcorner.com<\/a>. Aquesta companyia est\u00e0 sota la direcci\u00f3 de la Sra. Tania Merc\u00e9 Llonch, amb DNI n\u00fam. 46.140.831-W, Agent de la Propietat Immobili\u00e0ria n\u00fam. \u201cEL TITULAR\u201d.<\/p><p><strong>II- Condicions generals d&#039;\u00fas <\/strong><\/p><p>L&#039;acc\u00e9s a aquesta p\u00e0gina web li atribueix la condici\u00f3 d&#039;\u201cUsuari\u201d (de manera que en endavant ser\u00e0 anomenat \u201cUSUARI\u201d) i implica la seva <strong>acceptaci\u00f3 expressa<\/strong> i sense reserves de les presents condicions generals, i de les que posteriorment estiguin publicades en el moment que accedeixi a la p\u00e0gina web. El titular es reserva el dret a actualitzar i modificar aquestes condicions generals en qualsevol moment, publicant els canvis a la p\u00e0gina web.<\/p><p><strong>III- Objecte i \u00e0mbit d&#039;aplicaci\u00f3<\/strong><\/p><p>Aquestes condicions generals d&#039;\u00fas regulen -entre d&#039;altres- l&#039;acc\u00e9s, navegaci\u00f3 i \u00fas de la p\u00e0gina web, aix\u00ed com les responsabilitats derivades de la utilitzaci\u00f3 dels seus continguts com ara els textos, gr\u00e0fics, dibuixos, dissenys, codis, programari, fotografies, m\u00fasica, v\u00eddeos, sons, bases de dades, imatges, expressions i informacions, aix\u00ed com qualsevol altra creaci\u00f3 protegida per les lleis nacionals. COPROVER pot establir condicions particulars que s\u00f3n aplicables per a l&#039;\u00fas i\/o contractaci\u00f3 de serveis espec\u00edfics, i en aquest cas s\u00f3n aquestes condicions generals d&#039;aplicaci\u00f3 suplet\u00f2ria.<\/p><p><strong>IV- Condicions acc\u00e9s i utilitzaci\u00f3 dels serveis<\/strong><\/p><ol><li>L&#039;acc\u00e9s a la p\u00e0gina web t\u00e9 car\u00e0cter lliure i gratu\u00eft. No obstant aix\u00f2, alguns dels serveis i continguts es poden trobar subjectes a la contractaci\u00f3 pr\u00e8via del servei o producte, i s\u00f3n aplicables en aquests casos, les condicions particulars creades a aquest efecte que COPROVER.<\/li><li>Els menors d&#039;edat que facin \u00fas dels serveis continguts en aquest lloc web hauran de comptar amb el consentiment previ i escrit dels pares, tutors o representants legals, i aquests seran els \u00fanics responsables dels actes realitzats pels menors a c\u00e0rrec seu.<\/li><li>En tot moment, l&#039;Usuari ha de fer un \u00fas l\u00edcit dels serveis del present web, d&#039;acord amb aquestes condicions generals, les condicions particulars, la legalitat vigent, la moral i l&#039;Ordre P\u00fablic, aix\u00ed com les pr\u00e0ctiques generalment acceptades a Internet.<\/li><li>L&#039;Usuari garanteix que tota la informaci\u00f3 aportada a trav\u00e9s dels formularis de subscripci\u00f3 o registre inclosos en aquesta web \u00e9s l\u00edcita, real, exacta, vera\u00e7 i actualitzada Ser\u00e0 exclusiva responsabilitat de l&#039;Usuari la comunicaci\u00f3 immediata a COPROVER de qualsevol modificaci\u00f3 que es pugui donar a la informaci\u00f3 subministrada.<\/li><li>L&#039;Usuari s&#039;abstindr\u00e0 de: introduir virus, programes, macros o qualsevol seq\u00fc\u00e8ncia de car\u00e0cters en aquesta web excepte els documents que, si escau, li siguin sol\u00b7licitats per la pr\u00f2pia p\u00e0gina; obstaculitzar lacc\u00e9s daltres usuaris mitjan\u00e7ant el consum massiu de recursos; captar dades incloses en aquesta web amb finalitat publicit\u00e0ria; reproduir, copiar, distribuir, transformar, comunicar o posar a disposici\u00f3 de tercers els continguts inclosos en aquesta web; realitzar accions a trav\u00e9s dels serveis inclosos en aquesta web que puguin lesionar la propietat intel\u00b7lectual, secrets industrials, compromisos contractuals, o drets de tercers; realitzar accions de compet\u00e8ncia deslleial i publicitat il\u00b7l\u00edcita.<\/li><li>Si com a conseq\u00fc\u00e8ncia del registre o subscripci\u00f3, es dot\u00e9s l&#039;Usuari d&#039;una contrasenya, aquest es compromet a fer-ne un \u00fas diligent ia mantenir en secret la contrasenya per accedir a aquests serveis. Ser\u00e0 responsabilitat de l&#039;Usuari la utilitzaci\u00f3 dels serveis per qualsevol tercer que faci servir a aquest efecte una contrasenya de l&#039;Usuari.<\/li><\/ol><p><strong>V- Drets de propietat intel\u00b7lectual i industrial<\/strong><\/p><p>COPROVER \u00e9s titular, o t\u00e9 llic\u00e8ncia de tercers, sobre els drets de propietat intel\u00b7lectual i industrial de tots els elements que integren la p\u00e0gina web, incloent marques, noms comercials o signes distintius. En particular ia t\u00edtol no limitatiu, estan protegits pels drets d&#039;autor, el disseny gr\u00e0fic, codi font, logos, textos, gr\u00e0fics, il\u00b7lustracions, fotografies, sons, p\u00e0gines, pantalles, la informaci\u00f3 que contenen, la seva aparen\u00e7a i disseny, aix\u00ed com els enlla\u00e7os (hiperlinks) que s&#039;estableixin i altres elements continguts en lloc web. En cap cas l&#039;acc\u00e9s o navegaci\u00f3 a la p\u00e0gina web implica ren\u00fancia, transmissi\u00f3 o llic\u00e8ncia total o parcial de COPROVER per a \u00fas personal a l&#039;Usuari sobre els seus drets de propietat intel\u00b7lectual i industrial.<\/p><p>Per aix\u00f2, queda prohibit a l&#039;Usuari la reproducci\u00f3, copiat, distribuci\u00f3, comercialitzaci\u00f3, transformaci\u00f3, reutilitzaci\u00f3, comunicaci\u00f3 p\u00fablica i en general qualsevol altra forma d&#039;explotaci\u00f3, per qualsevol procediment, de tot o part dels continguts de la p\u00e0gina web, sense autoritzaci\u00f3 expressa i per escrit de COPROVER.<\/p><p><strong>VI- R\u00e8gim de responsabilitats i garanties<\/strong><\/p><ol><li>COPROVER malgrat haver emprat totes les mesures organitzatives al vostre abast, no pot garantir i no garanteix la veracitat o exactitud dels serveis o de la informaci\u00f3 inclosa a la p\u00e0gina web, per tant exclou qualsevol responsabilitat directa o indirecta de COPROVER per danys i perjudicis de tota naturalesa derivada de la defraudaci\u00f3 d&#039;utilitat o expectatives que l&#039;Usuari hagi dipositat.<\/li><li>COPROVER declara que ha adoptat les mesures tant t\u00e8cniques com organitzatives, que dins de les seves possibilitats i l&#039;estat de la tecnologia, permetin el funcionament correcte del web aix\u00ed com l&#039;abs\u00e8ncia de virus i components nocius, per\u00f2 no es pot fer responsable de: (a) la continu\u00eftat i disponibilitat dels continguts i serveis recollits a la p\u00e0gina web; (b) l&#039;abs\u00e8ncia d&#039;errors en aquests continguts ni la correcci\u00f3 de qualsevol defecte que es pugui produir; (c) l&#039;abs\u00e8ncia de virus i\/o altres components nocius a la p\u00e0gina web; (d) la inexpugnabilitat de les mesures de seguretat que s&#039;han adoptat; (e) els danys o perjudicis que causi qualsevol persona que vulneri els sistemes de seguretat de la p\u00e0gina web.<\/li><li>COPROVER es reserva el dret de suspendre temporalment l&#039;accessibilitat a la p\u00e0gina web amb motiu d&#039;operacions de manteniment, reparaci\u00f3, actualitzaci\u00f3 o millora. Sempre que les circumst\u00e0ncies ho permetin COPROVER publicar\u00e0 a la seva web, amb antelaci\u00f3 suficient, un av\u00eds indicant la data prevista per a la suspensi\u00f3 dels serveis.<\/li><li>Els enlla\u00e7os a altres p\u00e0gines web que si escau existeixin a la p\u00e0gina web poden portar l&#039;Usuari a llocs web de tercers, sobre els quals COPROVER no assumeix cap responsabilitat, ja que no t\u00e9 cap tipus de control sobre aquests, sent la finalitat d&#039;aquests enlla\u00e7os (links) dotar l&#039;Usuari d&#039;altres fonts d&#039;informaci\u00f3. Per aix\u00f2, l&#039;Usuari accediria als enlla\u00e7os sota la seva responsabilitat exclusiva, i en les condicions d&#039;\u00fas que regeixin a les seves p\u00e0gines web.<\/li><\/ol><p><strong>VII- Llei Aplicable i Jurisdicci\u00f3<\/strong><\/p><p>\u00a0Les presents condicions generals es regeixen per la Legislaci\u00f3 espanyola, sent competents els Jutjats i Tribunals espanyols, i dins d&#039;aquests els de Barcelona ciutat (llevat de norma imperativa en contra) per con\u00e8ixer quantes q\u00fcestions se suscitin sobre la interpretaci\u00f3, aplicaci\u00f3 i compliment de les mateixes. L&#039;usuari, per virtut de la seva acceptaci\u00f3 a les condicions generals recollides en aquest av\u00eds legal, renuncia expressament a qualsevol altre fur que li pugui correspondre.<\/p><\/div><\/div>\t\t\t\t\t\t\t\t<\/div>\n\t\t\t\t<\/div>\n\t\t\t\t\t<\/div>\n\t\t\t\t<\/div>\n\t\t\t\t<\/div>","protected":false},"excerpt":{"rendered":"<p>Aviso legal I- Identidad del titular de la presente web En cumplimiento de lo establecido en el art\u00edculo 10 de la Ley 34\/2002, de 11 de julio, de Servicios de la Sociedad de la Informaci\u00f3n y de Comercio Electr\u00f3nico (LSSI-CE), se informa que el titular del presente sitio web es\u00a0 COPROVER S.L., con NIF B [&hellip;]<\/p>\n","protected":false},"author":1,"featured_media":0,"parent":0,"menu_order":0,"comment_status":"closed","ping_status":"closed","template":"","meta":{"footnotes":""},"class_list":["post-683","page","type-page","status-publish","hentry"],"_links":{"self":[{"href":"https:\/\/rusticcorner.com\/ca\/wp-json\/wp\/v2\/pages\/683","targetHints":{"allow":["GET"]}}],"collection":[{"href":"https:\/\/rusticcorner.com\/ca\/wp-json\/wp\/v2\/pages"}],"about":[{"href":"https:\/\/rusticcorner.com\/ca\/wp-json\/wp\/v2\/types\/page"}],"author":[{"embeddable":true,"href":"https:\/\/rusticcorner.com\/ca\/wp-json\/wp\/v2\/users\/1"}],"replies":[{"embeddable":true,"href":"https:\/\/rusticcorner.com\/ca\/wp-json\/wp\/v2\/comments?post=683"}],"version-history":[{"count":0,"href":"https:\/\/rusticcorner.com\/ca\/wp-json\/wp\/v2\/pages\/683\/revisions"}],"wp:attachment":[{"href":"https:\/\/rusticcorner.com\/ca\/wp-json\/wp\/v2\/media?parent=683"}],"curies":[{"name":"wp","href":"https:\/\/api.w.org\/{rel}","templated":true}]}}