{"id":694,"date":"2025-05-22T18:42:27","date_gmt":"2025-05-22T16:42:27","guid":{"rendered":"https:\/\/rustic.batlledigital.com\/?page_id=694"},"modified":"2025-07-03T09:45:06","modified_gmt":"2025-07-03T07:45:06","slug":"politica-de-cookies","status":"publish","type":"page","link":"https:\/\/rusticcorner.com\/ca\/politica-de-cookies\/","title":{"rendered":"Pol\u00edtica de cookies"},"content":{"rendered":"<div data-elementor-type=\"wp-page\" data-elementor-id=\"694\" class=\"elementor elementor-694\" data-elementor-post-type=\"page\">\n\t\t\t\t<div class=\"elementor-element elementor-element-5c0aae6 e-flex e-con-boxed e-con e-parent\" data-id=\"5c0aae6\" data-element_type=\"container\" data-e-type=\"container\" data-settings=\"{&quot;background_background&quot;:&quot;classic&quot;}\">\n\t\t\t\t\t<div class=\"e-con-inner\">\n\t\t\t\t\t<\/div>\n\t\t\t\t<\/div>\n\t\t<div class=\"elementor-element elementor-element-471dde1 e-flex e-con-boxed e-con e-parent\" data-id=\"471dde1\" data-element_type=\"container\" data-e-type=\"container\">\n\t\t\t\t\t<div class=\"e-con-inner\">\n\t\t\t\t<div class=\"elementor-element elementor-element-b10e322 elementor-widget elementor-widget-heading\" data-id=\"b10e322\" data-element_type=\"widget\" data-e-type=\"widget\" data-widget_type=\"heading.default\">\n\t\t\t\t<div class=\"elementor-widget-container\">\n\t\t\t\t\t<h2 class=\"elementor-heading-title elementor-size-default\">Pol\u00edtica de cookies<\/h2>\t\t\t\t<\/div>\n\t\t\t\t<\/div>\n\t\t\t\t<div class=\"elementor-element elementor-element-594ed50 elementor-widget elementor-widget-text-editor\" data-id=\"594ed50\" data-element_type=\"widget\" data-e-type=\"widget\" data-widget_type=\"text-editor.default\">\n\t\t\t\t<div class=\"elementor-widget-container\">\n\t\t\t\t\t\t\t\t\t<p><strong>I- Cookies<\/strong><\/p><p>En algunes ocasions, aquesta web utilitza \u201cCookies\u201d, \u00e9s a dir, petits fitxers de dades que es generen a l&#039;ordinador de l&#039;usuari i que permeten obtenir la informaci\u00f3 seg\u00fcent: 1) Data i hora de l&#039;\u00faltima vegada que l&#039;usuari va visitar la web; 2) Disseny i continguts que l&#039;usuari va triar en la primera visita a la web; 3) Elements de seguretat que intervenen en el control d&#039;acc\u00e9s a les \u00e0rees restringides i 4) Altres circumst\u00e0ncies an\u00e0logues. L&#039;usuari pel simple acc\u00e9s a la p\u00e0gina web accepta les galetes; si b\u00e9 se us informa que teniu l&#039;opci\u00f3 d&#039;impedir la generaci\u00f3 de cookies, mitjan\u00e7ant la selecci\u00f3 de la corresponent opci\u00f3 al vostre programa navegador. COPROVER no es responsabilitza que la desactivaci\u00f3 de les mateixes impedeixi el bon funcionament de la p\u00e0gina web.<\/p><p><strong>II- Web Beacons<\/strong><\/p><p>Aquest lloc pot albergar tamb\u00e9 web beacons (tamb\u00e9 coneguts per web bugs). Els web beacons solen ser petites imatges d&#039;un pixel, visibles o invisibles col\u00b7locats dins del codi font de les p\u00e0gines web d&#039;un lloc. els usuaris dun lloc. Lusuari pel simple acc\u00e9s a la p\u00e0gina web accepta les web beacons.<\/p><p><strong>III- Mesuraments i an\u00e0lisi del tr\u00e0nsit a la web<\/strong><\/p><p>Aquest lloc mesura el tr\u00e0nsit amb diferents solucions que poden utilitzar cookies o web beacons o elements similars per analitzar el que succeeix a les nostres p\u00e0gines, cosa que \u00e9s acceptada per l&#039;Usuari pel mer acc\u00e9s a la p\u00e0gina web. Actualment utilitzem les solucions seg\u00fcents per al mesurament del tr\u00e0nsit d&#039;aquest lloc (pot veure m\u00e9s informaci\u00f3 sobre la pol\u00edtica de privadesa de cadascuna de les solucions utilitzades per a aquest efecte) sense perjudici que en el futur se n&#039;utilitzin d&#039;altres:<\/p><p>\u2013 Google Analytics: http:\/\/www.google.com\/intl\/es_ALL\/privacypolicy.html<br \/>\u2013 Google AdWords: http:\/\/www.google.com\/intl\/es_ALL\/privacypolicy.html<\/p>\t\t\t\t\t\t\t\t<\/div>\n\t\t\t\t<\/div>\n\t\t\t\t\t<\/div>\n\t\t\t\t<\/div>\n\t\t\t\t<\/div>","protected":false},"excerpt":{"rendered":"<p>Pol\u00edtica de cookies I- Cookies En algunas ocasiones, esta web utiliza \u201cCookies\u201d, es decir, peque\u00f1os ficheros de datos que se generan en el ordenador del usuario y que permiten obtener la siguiente Informaci\u00f3n: 1) Fecha y hora de la \u00faltima vez que el usuario visit\u00f3 la web; 2) Dise\u00f1o y contenidos que el usuario escogi\u00f3 [&hellip;]<\/p>\n","protected":false},"author":1,"featured_media":0,"parent":0,"menu_order":0,"comment_status":"closed","ping_status":"closed","template":"elementor_header_footer","meta":{"footnotes":""},"class_list":["post-694","page","type-page","status-publish","hentry"],"_links":{"self":[{"href":"https:\/\/rusticcorner.com\/ca\/wp-json\/wp\/v2\/pages\/694","targetHints":{"allow":["GET"]}}],"collection":[{"href":"https:\/\/rusticcorner.com\/ca\/wp-json\/wp\/v2\/pages"}],"about":[{"href":"https:\/\/rusticcorner.com\/ca\/wp-json\/wp\/v2\/types\/page"}],"author":[{"embeddable":true,"href":"https:\/\/rusticcorner.com\/ca\/wp-json\/wp\/v2\/users\/1"}],"replies":[{"embeddable":true,"href":"https:\/\/rusticcorner.com\/ca\/wp-json\/wp\/v2\/comments?post=694"}],"version-history":[{"count":0,"href":"https:\/\/rusticcorner.com\/ca\/wp-json\/wp\/v2\/pages\/694\/revisions"}],"wp:attachment":[{"href":"https:\/\/rusticcorner.com\/ca\/wp-json\/wp\/v2\/media?parent=694"}],"curies":[{"name":"wp","href":"https:\/\/api.w.org\/{rel}","templated":true}]}}