{"id":655,"date":"2025-05-16T14:34:50","date_gmt":"2025-05-16T12:34:50","guid":{"rendered":"https:\/\/rustic.batlledigital.com\/?page_id=655"},"modified":"2026-03-19T12:11:12","modified_gmt":"2026-03-19T11:11:12","slug":"art-corner","status":"publish","type":"page","link":"https:\/\/rusticcorner.com\/en\/corner-del-arte\/","title":{"rendered":"Art Corner"},"content":{"rendered":"\t\t<div data-elementor-type=\"wp-page\" data-elementor-id=\"655\" class=\"elementor elementor-655\" data-elementor-post-type=\"page\">\n\t\t\t\t<div class=\"elementor-element elementor-element-dc31db1 e-flex e-con-boxed e-con e-parent\" data-id=\"dc31db1\" data-element_type=\"container\" data-e-type=\"container\" data-settings=\"{&quot;background_background&quot;:&quot;classic&quot;}\">\n\t\t\t\t\t<div class=\"e-con-inner\">\n\t\t\t\t<div class=\"elementor-element elementor-element-4e198eb elementor-widget elementor-widget-heading\" data-id=\"4e198eb\" data-element_type=\"widget\" data-e-type=\"widget\" data-widget_type=\"heading.default\">\n\t\t\t\t<div class=\"elementor-widget-container\">\n\t\t\t\t\t<h2 class=\"elementor-heading-title elementor-size-default\">CORNER<\/h2>\t\t\t\t<\/div>\n\t\t\t\t<\/div>\n\t\t\t\t<div class=\"elementor-element elementor-element-b4ecda9 elementor-widget elementor-widget-heading\" data-id=\"b4ecda9\" data-element_type=\"widget\" data-e-type=\"widget\" data-widget_type=\"heading.default\">\n\t\t\t\t<div class=\"elementor-widget-container\">\n\t\t\t\t\t<h2 class=\"elementor-heading-title elementor-size-default\">del Arte<\/h2>\t\t\t\t<\/div>\n\t\t\t\t<\/div>\n\t\t\t\t\t<\/div>\n\t\t\t\t<\/div>\n\t\t<div class=\"elementor-element elementor-element-28eb3ee e-flex e-con-boxed e-con e-parent\" data-id=\"28eb3ee\" data-element_type=\"container\" data-e-type=\"container\">\n\t\t\t\t\t<div class=\"e-con-inner\">\n\t\t\t\t<div class=\"elementor-element elementor-element-76a2e28 elementor-widget elementor-widget-text-editor\" data-id=\"76a2e28\" data-element_type=\"widget\" data-e-type=\"widget\" data-widget_type=\"text-editor.default\">\n\t\t\t\t<div class=\"elementor-widget-container\">\n\t\t\t\t\t\t\t\t\t<p><em>Autora:<\/em> Sandra Calzado<\/p>\t\t\t\t\t\t\t\t<\/div>\n\t\t\t\t<\/div>\n\t\t\t\t\t<\/div>\n\t\t\t\t<\/div>\n\t\t<div class=\"elementor-element elementor-element-8b08195 e-flex e-con-boxed e-con e-parent\" data-id=\"8b08195\" data-element_type=\"container\" data-e-type=\"container\">\n\t\t\t\t\t<div class=\"e-con-inner\">\n\t\t<div class=\"elementor-element elementor-element-b038306 e-con-full e-flex e-con e-child\" data-id=\"b038306\" data-element_type=\"container\" data-e-type=\"container\">\n\t\t\t\t<div class=\"elementor-element elementor-element-9eccfaf elementor-widget elementor-widget-heading\" data-id=\"9eccfaf\" data-element_type=\"widget\" data-e-type=\"widget\" data-widget_type=\"heading.default\">\n\t\t\t\t<div class=\"elementor-widget-container\">\n\t\t\t\t\t<h2 class=\"elementor-heading-title elementor-size-default\">Un espacio para artistas<\/h2>\t\t\t\t<\/div>\n\t\t\t\t<\/div>\n\t\t\t\t<div class=\"elementor-element elementor-element-cfc248c elementor-widget__width-initial elementor-widget elementor-widget-text-editor\" data-id=\"cfc248c\" data-element_type=\"widget\" data-e-type=\"widget\" data-widget_type=\"text-editor.default\">\n\t\t\t\t<div class=\"elementor-widget-container\">\n\t\t\t\t\t\t\t\t\t<p>En Rustic Corner apostamos por el arte local. Por eso creamos el\u00a0Corner del Arte, un escaparate a pie de calle donde artistas pueden exponer sus obras\u00a0sin coste alguno\u00a0y conectar con el barrio.<\/p><p>Pintura, ilustraci\u00f3n, escultura\u2026 Cada exposici\u00f3n transforma nuestro rinc\u00f3n en una peque\u00f1a galer\u00eda abierta al p\u00fablico\u00a0integrada en el entorno urbano.<\/p><p>Un proyecto impulsado por la pasi\u00f3n por el arte\u00a0emergente\u00a0de Juan Merc\u00e9 Munta\u00f1ola, fundador de Rustic Corner, y que hoy contin\u00faa su hija, Tania Merc\u00e9 Llonch.<\/p><p>\u00bfEres artista y te gustar\u00eda participar?<br \/>Cont\u00e1cta\u00a0con nosotros. \u00a1Te esperamos!<\/p>\t\t\t\t\t\t\t\t<\/div>\n\t\t\t\t<\/div>\n\t\t\t\t<div class=\"elementor-element elementor-element-36bfe4d elementor-widget elementor-widget-button\" data-id=\"36bfe4d\" data-element_type=\"widget\" data-e-type=\"widget\" data-widget_type=\"button.default\">\n\t\t\t\t<div class=\"elementor-widget-container\">\n\t\t\t\t\t\t\t\t\t<div class=\"elementor-button-wrapper\">\n\t\t\t\t\t<a class=\"elementor-button elementor-button-link elementor-size-sm\" href=\"#elementor-action%3Aaction%3Dpopup%3Aopen%26settings%3DeyJpZCI6IjUyMSIsInRvZ2dsZSI6ZmFsc2V9\">\n\t\t\t\t\t\t<span class=\"elementor-button-content-wrapper\">\n\t\t\t\t\t\t\t\t\t<span class=\"elementor-button-text\">Contactar<\/span>\n\t\t\t\t\t<\/span>\n\t\t\t\t\t<\/a>\n\t\t\t\t<\/div>\n\t\t\t\t\t\t\t\t<\/div>\n\t\t\t\t<\/div>\n\t\t\t\t<\/div>\n\t\t<div class=\"elementor-element elementor-element-4bc855a e-con-full e-flex e-con e-child\" data-id=\"4bc855a\" data-element_type=\"container\" data-e-type=\"container\" data-settings=\"{&quot;background_background&quot;:&quot;classic&quot;}\">\n\t\t\t\t<\/div>\n\t\t\t\t\t<\/div>\n\t\t\t\t<\/div>\n\t\t<div class=\"elementor-element elementor-element-f47bb1c e-flex e-con-boxed e-con e-parent\" data-id=\"f47bb1c\" data-element_type=\"container\" data-e-type=\"container\">\n\t\t\t\t\t<div class=\"e-con-inner\">\n\t\t\t\t<div class=\"elementor-element elementor-element-13769fc elementor-widget elementor-widget-heading\" data-id=\"13769fc\" data-element_type=\"widget\" data-e-type=\"widget\" data-widget_type=\"heading.default\">\n\t\t\t\t<div class=\"elementor-widget-container\">\n\t\t\t\t\t<h2 class=\"elementor-heading-title elementor-size-default\">Artistas invitados<\/h2>\t\t\t\t<\/div>\n\t\t\t\t<\/div>\n\t\t\t\t<div class=\"elementor-element elementor-element-14f4363 elementor-widget elementor-widget-jet-listing-grid\" data-id=\"14f4363\" data-element_type=\"widget\" data-e-type=\"widget\" data-settings=\"{&quot;columns&quot;:3,&quot;columns_mobile&quot;:&quot;1&quot;}\" data-widget_type=\"jet-listing-grid.default\">\n\t\t\t\t<div class=\"elementor-widget-container\">\n\t\t\t\t\t<div class=\"jet-listing-grid jet-listing\"><div class=\"jet-listing-grid__items grid-col-desk-3 grid-col-tablet-3 grid-col-mobile-1 jet-listing-grid--722\" data-queried-id=\"655|WP_Post\" data-nav=\"{&quot;enabled&quot;:false,&quot;type&quot;:null,&quot;more_el&quot;:null,&quot;query&quot;:[],&quot;widget_settings&quot;:{&quot;lisitng_id&quot;:722,&quot;posts_num&quot;:60,&quot;columns&quot;:3,&quot;columns_tablet&quot;:3,&quot;columns_mobile&quot;:1,&quot;column_min_width&quot;:240,&quot;column_min_width_tablet&quot;:240,&quot;column_min_width_mobile&quot;:240,&quot;inline_columns_css&quot;:false,&quot;is_archive_template&quot;:&quot;&quot;,&quot;post_status&quot;:[&quot;publish&quot;],&quot;use_random_posts_num&quot;:&quot;&quot;,&quot;max_posts_num&quot;:9,&quot;not_found_message&quot;:&quot;No data was found&quot;,&quot;is_masonry&quot;:false,&quot;equal_columns_height&quot;:&quot;&quot;,&quot;use_load_more&quot;:&quot;&quot;,&quot;load_more_id&quot;:&quot;&quot;,&quot;load_more_type&quot;:&quot;click&quot;,&quot;load_more_offset&quot;:{&quot;unit&quot;:&quot;px&quot;,&quot;size&quot;:0,&quot;sizes&quot;:[]},&quot;use_custom_post_types&quot;:&quot;&quot;,&quot;custom_post_types&quot;:[],&quot;hide_widget_if&quot;:&quot;&quot;,&quot;carousel_enabled&quot;:&quot;&quot;,&quot;slides_to_scroll&quot;:&quot;1&quot;,&quot;arrows&quot;:&quot;true&quot;,&quot;arrow_icon&quot;:&quot;fa fa-angle-left&quot;,&quot;dots&quot;:&quot;&quot;,&quot;autoplay&quot;:&quot;true&quot;,&quot;pause_on_hover&quot;:&quot;true&quot;,&quot;autoplay_speed&quot;:5000,&quot;infinite&quot;:&quot;true&quot;,&quot;center_mode&quot;:&quot;&quot;,&quot;effect&quot;:&quot;slide&quot;,&quot;speed&quot;:500,&quot;inject_alternative_items&quot;:&quot;&quot;,&quot;injection_items&quot;:[],&quot;scroll_slider_enabled&quot;:&quot;&quot;,&quot;scroll_slider_on&quot;:[&quot;desktop&quot;,&quot;tablet&quot;,&quot;mobile&quot;],&quot;custom_query&quot;:false,&quot;custom_query_id&quot;:&quot;&quot;,&quot;_element_id&quot;:&quot;&quot;,&quot;collapse_first_last_gap&quot;:false,&quot;list_tag_selection&quot;:&quot;&quot;,&quot;list_items_wrapper_tag&quot;:&quot;div&quot;,&quot;list_item_tag&quot;:&quot;div&quot;,&quot;empty_items_wrapper_tag&quot;:&quot;div&quot;}}\" data-page=\"1\" data-pages=\"1\" data-listing-source=\"posts\" data-listing-id=\"722\" data-query-id=\"\"><div class=\"jet-listing-grid__item jet-listing-dynamic-post-2058\" data-post-id=\"2058\"  ><style type=\"text\/css\">.jet-listing-dynamic-post-2058 .elementor-element.elementor-element-cb76a57:not(.elementor-motion-effects-element-type-background), .jet-listing-dynamic-post-2058 .elementor-element.elementor-element-cb76a57 > .elementor-motion-effects-container > .elementor-motion-effects-layer{background-image:url(\"https:\/\/rusticcorner.com\/wp-content\/uploads\/2026\/02\/20260216_133139-scaled-e1771318143637.jpg\");}<\/style>\t\t<div data-elementor-type=\"jet-listing-items\" data-elementor-id=\"722\" class=\"elementor elementor-722\" data-elementor-post-type=\"jet-engine\">\n\t\t\t\t<div class=\"elementor-element elementor-element-d8148ef e-flex e-con-boxed e-con e-parent\" data-id=\"d8148ef\" data-element_type=\"container\" data-e-type=\"container\">\n\t\t\t\t\t<div class=\"e-con-inner\">\n\t\t\t\t<div class=\"elementor-element elementor-element-732fefa elementor-widget elementor-widget-heading\" data-id=\"732fefa\" data-element_type=\"widget\" data-e-type=\"widget\" data-widget_type=\"heading.default\">\n\t\t\t\t<div class=\"elementor-widget-container\">\n\t\t\t\t\t<h2 class=\"elementor-heading-title elementor-size-default\">Jing Wang<\/h2>\t\t\t\t<\/div>\n\t\t\t\t<\/div>\n\t\t\t\t\t<\/div>\n\t\t\t\t<\/div>\n\t\t<a class=\"elementor-element elementor-element-cb76a57 e-flex e-con-boxed e-con e-parent\" data-id=\"cb76a57\" data-element_type=\"container\" data-e-type=\"container\" data-settings=\"{&quot;background_background&quot;:&quot;classic&quot;}\" href=\"https:\/\/rusticcorner.com\/en\/artista\/jing-wang\/\">\n\t\t\t\t\t<div class=\"e-con-inner\">\n\t\t\t\t\t<\/div>\n\t\t\t\t<\/a>\n\t\t\t\t<\/div>\n\t\t<\/div><div class=\"jet-listing-grid__item jet-listing-dynamic-post-2027\" data-post-id=\"2027\"  ><style type=\"text\/css\">.jet-listing-dynamic-post-2027 .elementor-element.elementor-element-cb76a57:not(.elementor-motion-effects-element-type-background), .jet-listing-dynamic-post-2027 .elementor-element.elementor-element-cb76a57 > .elementor-motion-effects-container > .elementor-motion-effects-layer{background-image:url(\"https:\/\/rusticcorner.com\/wp-content\/uploads\/2026\/01\/WhatsApp-Image-2026-01-21-at-15.45.50.jpeg\");}<\/style>\t\t<div data-elementor-type=\"jet-listing-items\" data-elementor-id=\"722\" class=\"elementor elementor-722\" data-elementor-post-type=\"jet-engine\">\n\t\t\t\t<div class=\"elementor-element elementor-element-d8148ef e-flex e-con-boxed e-con e-parent\" data-id=\"d8148ef\" data-element_type=\"container\" data-e-type=\"container\">\n\t\t\t\t\t<div class=\"e-con-inner\">\n\t\t\t\t<div class=\"elementor-element elementor-element-732fefa elementor-widget elementor-widget-heading\" data-id=\"732fefa\" data-element_type=\"widget\" data-e-type=\"widget\" data-widget_type=\"heading.default\">\n\t\t\t\t<div class=\"elementor-widget-container\">\n\t\t\t\t\t<h2 class=\"elementor-heading-title elementor-size-default\">GORETTY<\/h2>\t\t\t\t<\/div>\n\t\t\t\t<\/div>\n\t\t\t\t\t<\/div>\n\t\t\t\t<\/div>\n\t\t<a class=\"elementor-element elementor-element-cb76a57 e-flex e-con-boxed e-con e-parent\" data-id=\"cb76a57\" data-element_type=\"container\" data-e-type=\"container\" data-settings=\"{&quot;background_background&quot;:&quot;classic&quot;}\" href=\"https:\/\/rusticcorner.com\/en\/artista\/goretty\/\">\n\t\t\t\t\t<div class=\"e-con-inner\">\n\t\t\t\t\t<\/div>\n\t\t\t\t<\/a>\n\t\t\t\t<\/div>\n\t\t<\/div><div class=\"jet-listing-grid__item jet-listing-dynamic-post-1869\" data-post-id=\"1869\"  ><style type=\"text\/css\">.jet-listing-dynamic-post-1869 .elementor-element.elementor-element-cb76a57:not(.elementor-motion-effects-element-type-background), .jet-listing-dynamic-post-1869 .elementor-element.elementor-element-cb76a57 > .elementor-motion-effects-container > .elementor-motion-effects-layer{background-image:url(\"https:\/\/rusticcorner.com\/wp-content\/uploads\/2025\/08\/20250825_121349-scaled-e1756386926525.jpg\");}<\/style>\t\t<div data-elementor-type=\"jet-listing-items\" data-elementor-id=\"722\" class=\"elementor elementor-722\" data-elementor-post-type=\"jet-engine\">\n\t\t\t\t<div class=\"elementor-element elementor-element-d8148ef e-flex e-con-boxed e-con e-parent\" data-id=\"d8148ef\" data-element_type=\"container\" data-e-type=\"container\">\n\t\t\t\t\t<div class=\"e-con-inner\">\n\t\t\t\t<div class=\"elementor-element elementor-element-732fefa elementor-widget elementor-widget-heading\" data-id=\"732fefa\" data-element_type=\"widget\" data-e-type=\"widget\" data-widget_type=\"heading.default\">\n\t\t\t\t<div class=\"elementor-widget-container\">\n\t\t\t\t\t<h2 class=\"elementor-heading-title elementor-size-default\">Sandra Calzado<\/h2>\t\t\t\t<\/div>\n\t\t\t\t<\/div>\n\t\t\t\t\t<\/div>\n\t\t\t\t<\/div>\n\t\t<a class=\"elementor-element elementor-element-cb76a57 e-flex e-con-boxed e-con e-parent\" data-id=\"cb76a57\" data-element_type=\"container\" data-e-type=\"container\" data-settings=\"{&quot;background_background&quot;:&quot;classic&quot;}\" href=\"https:\/\/rusticcorner.com\/en\/artista\/sandra-calzado\/\">\n\t\t\t\t\t<div class=\"e-con-inner\">\n\t\t\t\t\t<\/div>\n\t\t\t\t<\/a>\n\t\t\t\t<\/div>\n\t\t<\/div><div class=\"jet-listing-grid__item jet-listing-dynamic-post-1746\" data-post-id=\"1746\"  ><style type=\"text\/css\">.jet-listing-dynamic-post-1746 .elementor-element.elementor-element-cb76a57:not(.elementor-motion-effects-element-type-background), .jet-listing-dynamic-post-1746 .elementor-element.elementor-element-cb76a57 > .elementor-motion-effects-container > .elementor-motion-effects-layer{background-image:url(\"https:\/\/rusticcorner.com\/wp-content\/uploads\/2025\/07\/20250618_112818-4-e1753349495397.jpg\");}<\/style>\t\t<div data-elementor-type=\"jet-listing-items\" data-elementor-id=\"722\" class=\"elementor elementor-722\" data-elementor-post-type=\"jet-engine\">\n\t\t\t\t<div class=\"elementor-element elementor-element-d8148ef e-flex e-con-boxed e-con e-parent\" data-id=\"d8148ef\" data-element_type=\"container\" data-e-type=\"container\">\n\t\t\t\t\t<div class=\"e-con-inner\">\n\t\t\t\t<div class=\"elementor-element elementor-element-732fefa elementor-widget elementor-widget-heading\" data-id=\"732fefa\" data-element_type=\"widget\" data-e-type=\"widget\" data-widget_type=\"heading.default\">\n\t\t\t\t<div class=\"elementor-widget-container\">\n\t\t\t\t\t<h2 class=\"elementor-heading-title elementor-size-default\">Teresa Mas de Roda<\/h2>\t\t\t\t<\/div>\n\t\t\t\t<\/div>\n\t\t\t\t\t<\/div>\n\t\t\t\t<\/div>\n\t\t<a class=\"elementor-element elementor-element-cb76a57 e-flex e-con-boxed e-con e-parent\" data-id=\"cb76a57\" data-element_type=\"container\" data-e-type=\"container\" data-settings=\"{&quot;background_background&quot;:&quot;classic&quot;}\" href=\"https:\/\/rusticcorner.com\/en\/artista\/teresa-mas-de-roda\/\">\n\t\t\t\t\t<div class=\"e-con-inner\">\n\t\t\t\t\t<\/div>\n\t\t\t\t<\/a>\n\t\t\t\t<\/div>\n\t\t<\/div><div class=\"jet-listing-grid__item jet-listing-dynamic-post-1741\" data-post-id=\"1741\"  ><style type=\"text\/css\">.jet-listing-dynamic-post-1741 .elementor-element.elementor-element-cb76a57:not(.elementor-motion-effects-element-type-background), .jet-listing-dynamic-post-1741 .elementor-element.elementor-element-cb76a57 > .elementor-motion-effects-container > .elementor-motion-effects-layer{background-image:url(\"https:\/\/rusticcorner.com\/wp-content\/uploads\/2025\/09\/Xavier-Porrata-sept25-e1758276584851.jpg\");}<\/style>\t\t<div data-elementor-type=\"jet-listing-items\" data-elementor-id=\"722\" class=\"elementor elementor-722\" data-elementor-post-type=\"jet-engine\">\n\t\t\t\t<div class=\"elementor-element elementor-element-d8148ef e-flex e-con-boxed e-con e-parent\" data-id=\"d8148ef\" data-element_type=\"container\" data-e-type=\"container\">\n\t\t\t\t\t<div class=\"e-con-inner\">\n\t\t\t\t<div class=\"elementor-element elementor-element-732fefa elementor-widget elementor-widget-heading\" data-id=\"732fefa\" data-element_type=\"widget\" data-e-type=\"widget\" data-widget_type=\"heading.default\">\n\t\t\t\t<div class=\"elementor-widget-container\">\n\t\t\t\t\t<h2 class=\"elementor-heading-title elementor-size-default\">Xavier Porrata<\/h2>\t\t\t\t<\/div>\n\t\t\t\t<\/div>\n\t\t\t\t\t<\/div>\n\t\t\t\t<\/div>\n\t\t<a class=\"elementor-element elementor-element-cb76a57 e-flex e-con-boxed e-con e-parent\" data-id=\"cb76a57\" data-element_type=\"container\" data-e-type=\"container\" data-settings=\"{&quot;background_background&quot;:&quot;classic&quot;}\" href=\"https:\/\/rusticcorner.com\/en\/artista\/xavier-porrata\/\">\n\t\t\t\t\t<div class=\"e-con-inner\">\n\t\t\t\t\t<\/div>\n\t\t\t\t<\/a>\n\t\t\t\t<\/div>\n\t\t<\/div><div class=\"jet-listing-grid__item jet-listing-dynamic-post-1275\" data-post-id=\"1275\"  ><style type=\"text\/css\">.jet-listing-dynamic-post-1275 .elementor-element.elementor-element-cb76a57:not(.elementor-motion-effects-element-type-background), .jet-listing-dynamic-post-1275 .elementor-element.elementor-element-cb76a57 > .elementor-motion-effects-container > .elementor-motion-effects-layer{background-image:url(\"https:\/\/rusticcorner.com\/wp-content\/uploads\/2025\/06\/Karenina-Fabrizzi.jpg\");}<\/style>\t\t<div data-elementor-type=\"jet-listing-items\" data-elementor-id=\"722\" class=\"elementor elementor-722\" data-elementor-post-type=\"jet-engine\">\n\t\t\t\t<div class=\"elementor-element elementor-element-d8148ef e-flex e-con-boxed e-con e-parent\" data-id=\"d8148ef\" data-element_type=\"container\" data-e-type=\"container\">\n\t\t\t\t\t<div class=\"e-con-inner\">\n\t\t\t\t<div class=\"elementor-element elementor-element-732fefa elementor-widget elementor-widget-heading\" data-id=\"732fefa\" data-element_type=\"widget\" data-e-type=\"widget\" data-widget_type=\"heading.default\">\n\t\t\t\t<div class=\"elementor-widget-container\">\n\t\t\t\t\t<h2 class=\"elementor-heading-title elementor-size-default\">Karenina Fabrizzi<\/h2>\t\t\t\t<\/div>\n\t\t\t\t<\/div>\n\t\t\t\t\t<\/div>\n\t\t\t\t<\/div>\n\t\t<a class=\"elementor-element elementor-element-cb76a57 e-flex e-con-boxed e-con e-parent\" data-id=\"cb76a57\" data-element_type=\"container\" data-e-type=\"container\" data-settings=\"{&quot;background_background&quot;:&quot;classic&quot;}\" href=\"https:\/\/rusticcorner.com\/en\/artista\/karenina-fabrizzi\/\">\n\t\t\t\t\t<div class=\"e-con-inner\">\n\t\t\t\t\t<\/div>\n\t\t\t\t<\/a>\n\t\t\t\t<\/div>\n\t\t<\/div><div class=\"jet-listing-grid__item jet-listing-dynamic-post-1273\" data-post-id=\"1273\"  ><style type=\"text\/css\">.jet-listing-dynamic-post-1273 .elementor-element.elementor-element-cb76a57:not(.elementor-motion-effects-element-type-background), .jet-listing-dynamic-post-1273 .elementor-element.elementor-element-cb76a57 > .elementor-motion-effects-container > .elementor-motion-effects-layer{background-image:url(\"https:\/\/rusticcorner.com\/wp-content\/uploads\/2025\/06\/Angels-Bullich-La-Sabana.-Africa-Colors.jpg\");}<\/style>\t\t<div data-elementor-type=\"jet-listing-items\" data-elementor-id=\"722\" class=\"elementor elementor-722\" data-elementor-post-type=\"jet-engine\">\n\t\t\t\t<div class=\"elementor-element elementor-element-d8148ef e-flex e-con-boxed e-con e-parent\" data-id=\"d8148ef\" data-element_type=\"container\" data-e-type=\"container\">\n\t\t\t\t\t<div class=\"e-con-inner\">\n\t\t\t\t<div class=\"elementor-element elementor-element-732fefa elementor-widget elementor-widget-heading\" data-id=\"732fefa\" data-element_type=\"widget\" data-e-type=\"widget\" data-widget_type=\"heading.default\">\n\t\t\t\t<div class=\"elementor-widget-container\">\n\t\t\t\t\t<h2 class=\"elementor-heading-title elementor-size-default\">\u00c0ngels Bullich<\/h2>\t\t\t\t<\/div>\n\t\t\t\t<\/div>\n\t\t\t\t\t<\/div>\n\t\t\t\t<\/div>\n\t\t<a class=\"elementor-element elementor-element-cb76a57 e-flex e-con-boxed e-con e-parent\" data-id=\"cb76a57\" data-element_type=\"container\" data-e-type=\"container\" data-settings=\"{&quot;background_background&quot;:&quot;classic&quot;}\" href=\"https:\/\/rusticcorner.com\/en\/artista\/angels-bullich\/\">\n\t\t\t\t\t<div class=\"e-con-inner\">\n\t\t\t\t\t<\/div>\n\t\t\t\t<\/a>\n\t\t\t\t<\/div>\n\t\t<\/div><div class=\"jet-listing-grid__item jet-listing-dynamic-post-1232\" data-post-id=\"1232\"  ><style type=\"text\/css\">.jet-listing-dynamic-post-1232 .elementor-element.elementor-element-cb76a57:not(.elementor-motion-effects-element-type-background), .jet-listing-dynamic-post-1232 .elementor-element.elementor-element-cb76a57 > .elementor-motion-effects-container > .elementor-motion-effects-layer{background-image:url(\"https:\/\/rusticcorner.com\/wp-content\/uploads\/2025\/05\/Menchu-Gamero.jpg\");}<\/style>\t\t<div data-elementor-type=\"jet-listing-items\" data-elementor-id=\"722\" class=\"elementor elementor-722\" data-elementor-post-type=\"jet-engine\">\n\t\t\t\t<div class=\"elementor-element elementor-element-d8148ef e-flex e-con-boxed e-con e-parent\" data-id=\"d8148ef\" data-element_type=\"container\" data-e-type=\"container\">\n\t\t\t\t\t<div class=\"e-con-inner\">\n\t\t\t\t<div class=\"elementor-element elementor-element-732fefa elementor-widget elementor-widget-heading\" data-id=\"732fefa\" data-element_type=\"widget\" data-e-type=\"widget\" data-widget_type=\"heading.default\">\n\t\t\t\t<div class=\"elementor-widget-container\">\n\t\t\t\t\t<h2 class=\"elementor-heading-title elementor-size-default\">Menchu Gamero<\/h2>\t\t\t\t<\/div>\n\t\t\t\t<\/div>\n\t\t\t\t\t<\/div>\n\t\t\t\t<\/div>\n\t\t<a class=\"elementor-element elementor-element-cb76a57 e-flex e-con-boxed e-con e-parent\" data-id=\"cb76a57\" data-element_type=\"container\" data-e-type=\"container\" data-settings=\"{&quot;background_background&quot;:&quot;classic&quot;}\" href=\"https:\/\/rusticcorner.com\/en\/artista\/menchu-gamero\/\">\n\t\t\t\t\t<div class=\"e-con-inner\">\n\t\t\t\t\t<\/div>\n\t\t\t\t<\/a>\n\t\t\t\t<\/div>\n\t\t<\/div><\/div><\/div>\t\t\t\t<\/div>\n\t\t\t\t<\/div>\n\t\t\t\t\t<\/div>\n\t\t\t\t<\/div>\n\t\t\t\t<\/div>\n\t\t","protected":false},"excerpt":{"rendered":"<p>CORNER del Arte Autora: Sandra Calzado Un espacio para artistas En Rustic Corner apostamos por el arte local. Por eso creamos el\u00a0Corner del Arte, un escaparate a pie de calle donde artistas pueden exponer sus obras\u00a0sin coste alguno\u00a0y conectar con el barrio. Pintura, ilustraci\u00f3n, escultura\u2026 Cada exposici\u00f3n transforma nuestro rinc\u00f3n en una peque\u00f1a galer\u00eda abierta [&hellip;]<\/p>\n","protected":false},"author":1,"featured_media":0,"parent":0,"menu_order":0,"comment_status":"closed","ping_status":"closed","template":"","meta":{"footnotes":""},"class_list":["post-655","page","type-page","status-publish","hentry"],"_links":{"self":[{"href":"https:\/\/rusticcorner.com\/en\/wp-json\/wp\/v2\/pages\/655","targetHints":{"allow":["GET"]}}],"collection":[{"href":"https:\/\/rusticcorner.com\/en\/wp-json\/wp\/v2\/pages"}],"about":[{"href":"https:\/\/rusticcorner.com\/en\/wp-json\/wp\/v2\/types\/page"}],"author":[{"embeddable":true,"href":"https:\/\/rusticcorner.com\/en\/wp-json\/wp\/v2\/users\/1"}],"replies":[{"embeddable":true,"href":"https:\/\/rusticcorner.com\/en\/wp-json\/wp\/v2\/comments?post=655"}],"version-history":[{"count":1,"href":"https:\/\/rusticcorner.com\/en\/wp-json\/wp\/v2\/pages\/655\/revisions"}],"predecessor-version":[{"id":2099,"href":"https:\/\/rusticcorner.com\/en\/wp-json\/wp\/v2\/pages\/655\/revisions\/2099"}],"wp:attachment":[{"href":"https:\/\/rusticcorner.com\/en\/wp-json\/wp\/v2\/media?parent=655"}],"curies":[{"name":"wp","href":"https:\/\/api.w.org\/{rel}","templated":true}]}}