{"id":694,"date":"2025-05-22T18:42:27","date_gmt":"2025-05-22T16:42:27","guid":{"rendered":"https:\/\/rustic.batlledigital.com\/?page_id=694"},"modified":"2025-07-03T09:45:06","modified_gmt":"2025-07-03T07:45:06","slug":"cookie-policy","status":"publish","type":"page","link":"https:\/\/rusticcorner.com\/en\/politica-de-cookies\/","title":{"rendered":"Cookies policy"},"content":{"rendered":"<div data-elementor-type=\"wp-page\" data-elementor-id=\"694\" class=\"elementor elementor-694\" data-elementor-post-type=\"page\">\n\t\t\t\t<div class=\"elementor-element elementor-element-5c0aae6 e-flex e-con-boxed e-con e-parent\" data-id=\"5c0aae6\" data-element_type=\"container\" data-e-type=\"container\" data-settings=\"{&quot;background_background&quot;:&quot;classic&quot;}\">\n\t\t\t\t\t<div class=\"e-con-inner\">\n\t\t\t\t\t<\/div>\n\t\t\t\t<\/div>\n\t\t<div class=\"elementor-element elementor-element-471dde1 e-flex e-con-boxed e-con e-parent\" data-id=\"471dde1\" data-element_type=\"container\" data-e-type=\"container\">\n\t\t\t\t\t<div class=\"e-con-inner\">\n\t\t\t\t<div class=\"elementor-element elementor-element-b10e322 elementor-widget elementor-widget-heading\" data-id=\"b10e322\" data-element_type=\"widget\" data-e-type=\"widget\" data-widget_type=\"heading.default\">\n\t\t\t\t<div class=\"elementor-widget-container\">\n\t\t\t\t\t<h2 class=\"elementor-heading-title elementor-size-default\">Cookies policy<\/h2>\t\t\t\t<\/div>\n\t\t\t\t<\/div>\n\t\t\t\t<div class=\"elementor-element elementor-element-594ed50 elementor-widget elementor-widget-text-editor\" data-id=\"594ed50\" data-element_type=\"widget\" data-e-type=\"widget\" data-widget_type=\"text-editor.default\">\n\t\t\t\t<div class=\"elementor-widget-container\">\n\t\t\t\t\t\t\t\t\t<p><strong>I- Cookies<\/strong><\/p><p>On some occasions, this website uses \"Cookies\", i.e. small data files that are generated in the user's computer and which allow the following information to be obtained: 1) Date and time of the last time the user visited the website; 2) Design and content chosen by the user on their first visit to the website; 3) Security elements involved in controlling access to restricted areas and 4) Other similar circumstances. By simply accessing the website, the user accepts the cookies, although he\/she is informed that he\/she has the option to prevent the generation of cookies by selecting the corresponding option in his\/her browser. COPROVER is not responsible for the deactivation of the same prevent the proper functioning of the website.<\/p><p><strong>II- Web Beacons<\/strong><\/p><p>This site may also host web beacons (also known as web bugs). Web beacons are typically small one pixel by one pixel images, visible or invisible, placed within the source code of a site's web pages. Web beacons serve and are used in a similar way to cookies. In addition, web beacons are often used to measure the traffic of users visiting a web page and to be able to draw a pattern of users of a site. By simply accessing the website, the user accepts web beacons.<\/p><p><strong>III- Web traffic measurement and analysis<\/strong><\/p><p>This site measures traffic with different solutions that may use cookies or web beacons or similar elements to analyse what happens on our pages, which is accepted by the User by simply accessing the website. We currently use the following solutions to measure traffic to this site (you can see more information on the privacy policy of each of the solutions used for this purpose) without prejudice to the future use of others:<\/p><p>- Google Analytics: http:\/\/www.google.com\/intl\/es_ALL\/privacypolicy.html<br \/>- Google AdWords: http:\/\/www.google.com\/intl\/es_ALL\/privacypolicy.html<\/p>\t\t\t\t\t\t\t\t<\/div>\n\t\t\t\t<\/div>\n\t\t\t\t\t<\/div>\n\t\t\t\t<\/div>\n\t\t\t\t<\/div>","protected":false},"excerpt":{"rendered":"<p>Pol\u00edtica de cookies I- Cookies En algunas ocasiones, esta web utiliza \u201cCookies\u201d, es decir, peque\u00f1os ficheros de datos que se generan en el ordenador del usuario y que permiten obtener la siguiente Informaci\u00f3n: 1) Fecha y hora de la \u00faltima vez que el usuario visit\u00f3 la web; 2) Dise\u00f1o y contenidos que el usuario escogi\u00f3 [&hellip;]<\/p>\n","protected":false},"author":1,"featured_media":0,"parent":0,"menu_order":0,"comment_status":"closed","ping_status":"closed","template":"elementor_header_footer","meta":{"footnotes":""},"class_list":["post-694","page","type-page","status-publish","hentry"],"_links":{"self":[{"href":"https:\/\/rusticcorner.com\/en\/wp-json\/wp\/v2\/pages\/694","targetHints":{"allow":["GET"]}}],"collection":[{"href":"https:\/\/rusticcorner.com\/en\/wp-json\/wp\/v2\/pages"}],"about":[{"href":"https:\/\/rusticcorner.com\/en\/wp-json\/wp\/v2\/types\/page"}],"author":[{"embeddable":true,"href":"https:\/\/rusticcorner.com\/en\/wp-json\/wp\/v2\/users\/1"}],"replies":[{"embeddable":true,"href":"https:\/\/rusticcorner.com\/en\/wp-json\/wp\/v2\/comments?post=694"}],"version-history":[{"count":0,"href":"https:\/\/rusticcorner.com\/en\/wp-json\/wp\/v2\/pages\/694\/revisions"}],"wp:attachment":[{"href":"https:\/\/rusticcorner.com\/en\/wp-json\/wp\/v2\/media?parent=694"}],"curies":[{"name":"wp","href":"https:\/\/api.w.org\/{rel}","templated":true}]}}